{"id":5040,"date":"2025-07-30T15:59:25","date_gmt":"2025-07-30T13:59:25","guid":{"rendered":"https:\/\/cc-ev.de\/?page_id=5040"},"modified":"2025-08-04T16:04:44","modified_gmt":"2025-08-04T14:04:44","slug":"informationen-fuer-das-startchancenprogramm","status":"publish","type":"page","link":"https:\/\/cc-ev.de\/en\/informationen-fuer-das-startchancenprogramm\/","title":{"rendered":"Informationen f\u00fcr das Startchancenprogramm"},"content":{"rendered":"<p><strong>Das Startchancen-Programm: Bildungsgerechtigkeit f\u00f6rdern \u2013 Zukunft gestalten<\/strong><\/p>\n\n\n\n<p>Das <strong>Startchancen-Programm<\/strong> wurde zum Schuljahr 2024\/25 von der Bundesregierung eingef\u00fchrt und ist das bisher gr\u00f6\u00dfte und langfristige Bildungsprogramm in der Geschichte der Bundesrepublik Deutschland. Es zielt darauf ab, Bildungsgerechtigkeit zu f\u00f6rdern und den Zusammenhang zwischen sozialer Herkunft und Bildungserfolg in den Schulen aufzubrechen. Daf\u00fcr stellen Bund und L\u00e4nder \u00fcber einen Zeitraum von zehn Jahren rund 20 Milliarden Euro zur Verf\u00fcgung.<\/p>\n\n\n\n<p>Neben der <strong>F\u00f6rderung von Basiskompetenzen<\/strong> wie Lesen, Schreiben und Rechnen sollen die Sch\u00fcler:innen durch das Programm ebenso in ihrer <strong>Pers\u00f6nlichkeitsentwicklung<\/strong> sowie ihren <strong>sozio-emotionalen Kompetenzen<\/strong> gest\u00e4rkt und zur <strong>demokratischen Teilhabe<\/strong> bef\u00e4higt werden. Das Programm basiert auf drei zentralen S\u00e4ulen, wobei vor allem S\u00e4ule II f\u00fcr unsere Arbeit relevant ist.<\/p>\n\n\n\n<p><strong>S\u00e4ule II: Chancenbudgets f\u00fcr bedarfsgerechte L\u00f6sungen in der Schul- und Unterrichtsentwicklung<\/strong><\/p>\n\n\n\n<p>Diese Budgets er\u00f6ffnen den Schulen Freir\u00e4ume f\u00fcr ma\u00dfgeschneiderte Ma\u00dfnahmen, die den Gegebenheiten vor Ort gerecht werden und die Schulautonomie st\u00e4rken. S\u00e4ule II des Programms legt dabei einen besonderen Fokus auf die individuelle F\u00f6rderung von Sch\u00fcler:innen, um ihre Bildungschancen nachhaltig zu verbessern.<\/p>\n\n\n\n<p>Dank der Ausrichtung unserer Programme k\u00f6nnen Schulen die F\u00f6rdermittel aus S\u00e4ule II des Startchancen-Programms nutzen, um unsere Angebote zu finanzieren und somit gezielt in die Zukunft ihrer Sch\u00fcler:innen zu investieren.<\/p>\n\n\n\n<p><strong>Creative Change: Ihr Partner f\u00fcr das Startchancen-Programm<\/strong><\/p>\n\n\n\n<p>Creative Change bietet ma\u00dfgeschneiderte Programme an, die genau auf diese Ziele abgestimmt sind. Unsere bew\u00e4hrten Bildungsangebote sind darauf ausgelegt, innovative Ans\u00e4tze mit praxisorientierten Konzepten zu verbinden. Mit einem besonderen Fokus auf Kreativit\u00e4t und sozialem Lernen schaffen wir R\u00e4ume, in denen sich Potenziale entfalten k\u00f6nnen.<\/p>\n\n\n\n<p>Unsere Programme bieten:<\/p>\n\n\n\n<ul class=\"wp-block-list\">\n<li><strong>Project Weeks<\/strong> zu Schl\u00fcsselthemen wie Probleml\u00f6sung, Teamarbeit und Resilienz.<\/li>\n\n\n\n<li><strong>Innovative F\u00f6rderung<\/strong> durch kreative und interaktive Lernmethoden, die Sch\u00fcler:innen und begeistern.<\/li>\n\n\n\n<li><strong>Theaterp\u00e4dagogische Konzepte<\/strong>, die starke Impulse setzen und nachhaltige Bildungserfolge f\u00f6rdern.<\/li>\n<\/ul>\n\n\n\n<p><strong>Erfolgsgeschichten, die \u00fcberzeugen<\/strong><\/p>\n\n\n\n<p>Unsere <a href=\"https:\/\/cc-ev.de\/en\/wirkung\/#analyse\">Impact Analysis<\/a> zeigt eindrucksvoll, wie positiv die Zusammenarbeit mit Creative Change e.V. von Sch\u00fcler:innen und Multiplikator:innen wahrgenommen wird. Die R\u00fcckmeldungen belegen: Durch die Projekttage von Creative Change e.V. sammeln die Teilnehmenden nicht nur wertvolle Lernerfahrungen, sondern erzielen auch nachweisbare Fortschritte in ihrer pers\u00f6nlichen Entwicklung.<\/p>\n\n\n\n<p><strong>Jetzt aktiv werden<br><\/strong>M\u00f6chten Sie die Bildungsgerechtigkeit an Ihrer Schule st\u00e4rken? Sind sie bereits eine Startchancen-Schule oder werden zuk\u00fcnftig in das Programm aufgenommen? Dann setzen Sie auf Creative Change e.V. und profitieren Sie von unseren erprobten Konzepten, um die Bildungsgerechtigkeit an Ihrer Schule zu st\u00e4rken. <a href=\"https:\/\/cc-ev.de\/en\/kontakt\/\">Kontaktieren<\/a> Sie uns gerne f\u00fcr weitere Informationen oder eine unverbindliche Beratung.<\/p>\n\n\n\n<p>Gemeinsam gestalten wir eine chancenreiche Zukunft f\u00fcr alle Lernenden!<\/p>","protected":false},"excerpt":{"rendered":"<p>Das Startchancen-Programm: Bildungsgerechtigkeit f\u00f6rdern \u2013 Zukunft gestalten Das Startchancen-Programm wurde zum Schuljahr 2024\/25 von der Bundesregierung eingef\u00fchrt und ist das bisher gr\u00f6\u00dfte und langfristige Bildungsprogramm in der Geschichte der Bundesrepublik Deutschland. Es zielt darauf ab, Bildungsgerechtigkeit zu f\u00f6rdern und den Zusammenhang zwischen sozialer Herkunft und Bildungserfolg in den Schulen aufzubrechen. Daf\u00fcr stellen Bund und L\u00e4nder [&hellip;]<\/p>\n","protected":false},"author":1,"featured_media":0,"parent":0,"menu_order":0,"comment_status":"closed","ping_status":"closed","template":"","meta":{"inline_featured_image":false,"footnotes":""},"class_list":["post-5040","page","type-page","status-publish","hentry"],"yoast_head":"<!-- This site is optimized with the Yoast SEO plugin v27.1.1 - https:\/\/yoast.com\/product\/yoast-seo-wordpress\/ -->\n<title>Informationen f\u00fcr das Startchancenprogramm - Creative Change<\/title>\n<meta name=\"robots\" content=\"index, follow, max-snippet:-1, max-image-preview:large, max-video-preview:-1\" \/>\n<link rel=\"canonical\" href=\"https:\/\/cc-ev.de\/en\/informationen-fuer-das-startchancenprogramm\/\" \/>\n<meta property=\"og:locale\" content=\"en_GB\" \/>\n<meta property=\"og:type\" content=\"article\" \/>\n<meta property=\"og:title\" content=\"Informationen f\u00fcr das Startchancenprogramm - Creative Change\" \/>\n<meta property=\"og:description\" content=\"Das Startchancen-Programm: Bildungsgerechtigkeit f\u00f6rdern \u2013 Zukunft gestalten Das Startchancen-Programm wurde zum Schuljahr 2024\/25 von der Bundesregierung eingef\u00fchrt und ist das bisher gr\u00f6\u00dfte und langfristige Bildungsprogramm in der Geschichte der Bundesrepublik Deutschland. Es zielt darauf ab, Bildungsgerechtigkeit zu f\u00f6rdern und den Zusammenhang zwischen sozialer Herkunft und Bildungserfolg in den Schulen aufzubrechen. Daf\u00fcr stellen Bund und L\u00e4nder [&hellip;]\" \/>\n<meta property=\"og:url\" content=\"https:\/\/cc-ev.de\/en\/informationen-fuer-das-startchancenprogramm\/\" \/>\n<meta property=\"og:site_name\" content=\"Creative Change\" \/>\n<meta property=\"article:publisher\" content=\"https:\/\/www.facebook.com\/creativechangev\/\" \/>\n<meta property=\"article:modified_time\" content=\"2025-08-04T14:04:44+00:00\" \/>\n<meta name=\"twitter:card\" content=\"summary_large_image\" \/>\n<meta name=\"twitter:label1\" content=\"Estimated reading time\" \/>\n\t<meta name=\"twitter:data1\" content=\"2 minutes\" \/>\n<script type=\"application\/ld+json\" class=\"yoast-schema-graph\">{\"@context\":\"https:\/\/schema.org\",\"@graph\":[{\"@type\":\"WebPage\",\"@id\":\"https:\/\/cc-ev.de\/informationen-fuer-das-startchancenprogramm\/\",\"url\":\"https:\/\/cc-ev.de\/informationen-fuer-das-startchancenprogramm\/\",\"name\":\"Informationen f\u00fcr das Startchancenprogramm - Creative Change\",\"isPartOf\":{\"@id\":\"https:\/\/cc-ev.de\/#website\"},\"datePublished\":\"2025-07-30T13:59:25+00:00\",\"dateModified\":\"2025-08-04T14:04:44+00:00\",\"breadcrumb\":{\"@id\":\"https:\/\/cc-ev.de\/informationen-fuer-das-startchancenprogramm\/#breadcrumb\"},\"inLanguage\":\"en-GB\",\"potentialAction\":[{\"@type\":\"ReadAction\",\"target\":[\"https:\/\/cc-ev.de\/informationen-fuer-das-startchancenprogramm\/\"]}]},{\"@type\":\"BreadcrumbList\",\"@id\":\"https:\/\/cc-ev.de\/informationen-fuer-das-startchancenprogramm\/#breadcrumb\",\"itemListElement\":[{\"@type\":\"ListItem\",\"position\":1,\"name\":\"Startseite\",\"item\":\"https:\/\/cc-ev.de\/\"},{\"@type\":\"ListItem\",\"position\":2,\"name\":\"Informationen f\u00fcr das Startchancenprogramm\"}]},{\"@type\":\"WebSite\",\"@id\":\"https:\/\/cc-ev.de\/#website\",\"url\":\"https:\/\/cc-ev.de\/\",\"name\":\"Creative Change\",\"description\":\"Konflikte l\u00f6sen. Frieden stiften. Demokratie f\u00f6rdern.\",\"publisher\":{\"@id\":\"https:\/\/cc-ev.de\/#organization\"},\"potentialAction\":[{\"@type\":\"SearchAction\",\"target\":{\"@type\":\"EntryPoint\",\"urlTemplate\":\"https:\/\/cc-ev.de\/?s={search_term_string}\"},\"query-input\":{\"@type\":\"PropertyValueSpecification\",\"valueRequired\":true,\"valueName\":\"search_term_string\"}}],\"inLanguage\":\"en-GB\"},{\"@type\":\"Organization\",\"@id\":\"https:\/\/cc-ev.de\/#organization\",\"name\":\"Creative Change e.V.\",\"url\":\"https:\/\/cc-ev.de\/\",\"logo\":{\"@type\":\"ImageObject\",\"inLanguage\":\"en-GB\",\"@id\":\"https:\/\/cc-ev.de\/#\/schema\/logo\/image\/\",\"url\":\"https:\/\/cc-ev.de\/wp-content\/uploads\/2020\/03\/creative-change-favicon3-1.png\",\"contentUrl\":\"https:\/\/cc-ev.de\/wp-content\/uploads\/2020\/03\/creative-change-favicon3-1.png\",\"width\":512,\"height\":512,\"caption\":\"Creative Change e.V.\"},\"image\":{\"@id\":\"https:\/\/cc-ev.de\/#\/schema\/logo\/image\/\"},\"sameAs\":[\"https:\/\/www.facebook.com\/creativechangev\/\",\"https:\/\/www.instagram.com\/creative_change\/\"]}]}<\/script>\n<!-- \/ Yoast SEO plugin. -->","yoast_head_json":{"title":"Informationen f\u00fcr das Startchancenprogramm - Creative Change","robots":{"index":"index","follow":"follow","max-snippet":"max-snippet:-1","max-image-preview":"max-image-preview:large","max-video-preview":"max-video-preview:-1"},"canonical":"https:\/\/cc-ev.de\/en\/informationen-fuer-das-startchancenprogramm\/","og_locale":"en_GB","og_type":"article","og_title":"Informationen f\u00fcr das Startchancenprogramm - Creative Change","og_description":"Das Startchancen-Programm: Bildungsgerechtigkeit f\u00f6rdern \u2013 Zukunft gestalten Das Startchancen-Programm wurde zum Schuljahr 2024\/25 von der Bundesregierung eingef\u00fchrt und ist das bisher gr\u00f6\u00dfte und langfristige Bildungsprogramm in der Geschichte der Bundesrepublik Deutschland. Es zielt darauf ab, Bildungsgerechtigkeit zu f\u00f6rdern und den Zusammenhang zwischen sozialer Herkunft und Bildungserfolg in den Schulen aufzubrechen. Daf\u00fcr stellen Bund und L\u00e4nder [&hellip;]","og_url":"https:\/\/cc-ev.de\/en\/informationen-fuer-das-startchancenprogramm\/","og_site_name":"Creative Change","article_publisher":"https:\/\/www.facebook.com\/creativechangev\/","article_modified_time":"2025-08-04T14:04:44+00:00","twitter_card":"summary_large_image","twitter_misc":{"Estimated reading time":"2 minutes"},"schema":{"@context":"https:\/\/schema.org","@graph":[{"@type":"WebPage","@id":"https:\/\/cc-ev.de\/informationen-fuer-das-startchancenprogramm\/","url":"https:\/\/cc-ev.de\/informationen-fuer-das-startchancenprogramm\/","name":"Informationen f\u00fcr das Startchancenprogramm - Creative Change","isPartOf":{"@id":"https:\/\/cc-ev.de\/#website"},"datePublished":"2025-07-30T13:59:25+00:00","dateModified":"2025-08-04T14:04:44+00:00","breadcrumb":{"@id":"https:\/\/cc-ev.de\/informationen-fuer-das-startchancenprogramm\/#breadcrumb"},"inLanguage":"en-GB","potentialAction":[{"@type":"ReadAction","target":["https:\/\/cc-ev.de\/informationen-fuer-das-startchancenprogramm\/"]}]},{"@type":"BreadcrumbList","@id":"https:\/\/cc-ev.de\/informationen-fuer-das-startchancenprogramm\/#breadcrumb","itemListElement":[{"@type":"ListItem","position":1,"name":"Startseite","item":"https:\/\/cc-ev.de\/"},{"@type":"ListItem","position":2,"name":"Informationen f\u00fcr das Startchancenprogramm"}]},{"@type":"WebSite","@id":"https:\/\/cc-ev.de\/#website","url":"https:\/\/cc-ev.de\/","name":"Creative Change","description":"Konflikte l\u00f6sen. Frieden stiften. Demokratie f\u00f6rdern.","publisher":{"@id":"https:\/\/cc-ev.de\/#organization"},"potentialAction":[{"@type":"SearchAction","target":{"@type":"EntryPoint","urlTemplate":"https:\/\/cc-ev.de\/?s={search_term_string}"},"query-input":{"@type":"PropertyValueSpecification","valueRequired":true,"valueName":"search_term_string"}}],"inLanguage":"en-GB"},{"@type":"Organization","@id":"https:\/\/cc-ev.de\/#organization","name":"Creative Change e.V.","url":"https:\/\/cc-ev.de\/","logo":{"@type":"ImageObject","inLanguage":"en-GB","@id":"https:\/\/cc-ev.de\/#\/schema\/logo\/image\/","url":"https:\/\/cc-ev.de\/wp-content\/uploads\/2020\/03\/creative-change-favicon3-1.png","contentUrl":"https:\/\/cc-ev.de\/wp-content\/uploads\/2020\/03\/creative-change-favicon3-1.png","width":512,"height":512,"caption":"Creative Change e.V."},"image":{"@id":"https:\/\/cc-ev.de\/#\/schema\/logo\/image\/"},"sameAs":["https:\/\/www.facebook.com\/creativechangev\/","https:\/\/www.instagram.com\/creative_change\/"]}]}},"publishpress_future_action":{"enabled":false,"date":"2026-04-29 12:45:03","action":"change-status","newStatus":"draft","terms":[],"taxonomy":"","extraData":[]},"publishpress_future_workflow_manual_trigger":{"enabledWorkflows":[]},"_links":{"self":[{"href":"https:\/\/cc-ev.de\/en\/wp-json\/wp\/v2\/pages\/5040","targetHints":{"allow":["GET"]}}],"collection":[{"href":"https:\/\/cc-ev.de\/en\/wp-json\/wp\/v2\/pages"}],"about":[{"href":"https:\/\/cc-ev.de\/en\/wp-json\/wp\/v2\/types\/page"}],"author":[{"embeddable":true,"href":"https:\/\/cc-ev.de\/en\/wp-json\/wp\/v2\/users\/1"}],"replies":[{"embeddable":true,"href":"https:\/\/cc-ev.de\/en\/wp-json\/wp\/v2\/comments?post=5040"}],"version-history":[{"count":2,"href":"https:\/\/cc-ev.de\/en\/wp-json\/wp\/v2\/pages\/5040\/revisions"}],"predecessor-version":[{"id":5045,"href":"https:\/\/cc-ev.de\/en\/wp-json\/wp\/v2\/pages\/5040\/revisions\/5045"}],"wp:attachment":[{"href":"https:\/\/cc-ev.de\/en\/wp-json\/wp\/v2\/media?parent=5040"}],"curies":[{"name":"wp","href":"https:\/\/api.w.org\/{rel}","templated":true}]}}